{"id":233,"date":"2023-07-10T13:49:18","date_gmt":"2023-07-10T13:49:18","guid":{"rendered":"https:\/\/odemel.assemble.website\/index.php\/refund-policy\/"},"modified":"2023-07-11T16:24:26","modified_gmt":"2023-07-11T16:24:26","slug":"refund-policy","status":"publish","type":"page","link":"https:\/\/odemel.com\/es\/refund-policy\/","title":{"rendered":"POLITICA DE REEMBOLSO"},"content":{"rendered":"\n<p>\u00a1Gracias por comprar en Odemel!<\/p>\n\n\n\n<p>Ofrecemos un reembolso y \/ o cambio dentro de los primeros 30 d\u00edas de su compra. Si han pasado 30 d\u00edas desde la fecha de su compra, no se le ofrecer\u00e1 reembolso y \/ o cambio de ning\u00fan tipo.<\/p>\n\n\n\n<p><strong>Elegibilidad para reembolsos e intercambios<\/strong><\/p>\n\n\n\n<ul class=\"wp-block-list\">\n<li>Su art\u00edculo debe estar sin usar y en las mismas condiciones en que lo recibi\u00f3.<\/li>\n\n\n\n<li>El art\u00edculo debe estar en su embalaje original.<\/li>\n\n\n\n<li>Para completar la devoluci\u00f3n, requerimos un recibo o comprobante de compra.<\/li>\n\n\n\n<li>Solo ofrecemos reembolsos por art\u00edculos vendidos al precio normal, los art\u00edculos en oferta no se pueden devolver.<\/li>\n\n\n\n<li>Si el art\u00edculo en cuesti\u00f3n est\u00e1 marcado como regalo en el momento de la compra y se le env\u00eda directamente, recibir\u00e1 un cr\u00e9dito de regalo por el monto de su devoluci\u00f3n.<\/li>\n<\/ul>\n\n\n\n<p><strong>Cambios<\/strong>&nbsp;<em>(si aplica)<\/em><\/p>\n\n\n\n<p>Solo reemplazamos art\u00edculos si est\u00e1n defectuosos o da\u00f1ados. Si necesita cambiar algo por un art\u00edculo similar, env\u00edenos un correo electr\u00f3nico a geral@odemel.com y env\u00edelo a: Rua do Bar\u00e3o, n\u00ba 1580, 3720-051 Oliveira de Azem\u00e9is, Portugal<\/p>\n\n\n\n<p><strong>Bienes no cubiertos<\/strong><\/p>\n\n\n\n<p>Los siguientes productos no est\u00e1n cubiertos por la pol\u00edtica de devoluciones:<\/p>\n\n\n\n<ul class=\"wp-block-list\">\n<li>tarjetas regalo<\/li>\n\n\n\n<li>Algunos art\u00edculos de salud y cuidado personal<\/li>\n<\/ul>\n\n\n\n<p><strong>Se otorgan reembolsos parciales<\/strong>&nbsp;<em>(si corresponde)<\/em><\/p>\n\n\n\n<ul class=\"wp-block-list\">\n<li>Cualquier art\u00edculo que no est\u00e9 en su estado original, que est\u00e9 da\u00f1ado o que le falten piezas por motivos distintos a nuestro error.<\/li>\n\n\n\n<li>Cualquier art\u00edculo que se devuelva m\u00e1s de 30 d\u00edas despu\u00e9s de la entrega.<\/li>\n<\/ul>\n\n\n\n<p>Una vez que se reciba e inspeccione su devoluci\u00f3n, le enviaremos un correo electr\u00f3nico para notificarle que hemos recibido su art\u00edculo devuelto. Tambi\u00e9n le notificaremos la aprobaci\u00f3n o el rechazo de su reembolso.<\/p>\n\n\n\n<p>Si se aprueba, se procesar\u00e1 su reembolso y se aplicar\u00e1 autom\u00e1ticamente un cr\u00e9dito a su tarjeta de cr\u00e9dito o m\u00e9todo de pago original dentro de una cierta cantidad de d\u00edas.<\/p>\n\n\n\n<p><strong>Reembolsos tard\u00edos o faltantes<\/strong><\/p>\n\n\n\n<ul class=\"wp-block-list\">\n<li>Si a\u00fan no ha recibido un reembolso, primero verifique su cuenta bancaria. Luego, comun\u00edquese con la compa\u00f1\u00eda de su tarjeta de cr\u00e9dito, es posible que su reembolso demore un tiempo en acreditarse oficialmente.<\/li>\n\n\n\n<li>Si ha hecho todo esto y a\u00fan no ha recibido su reembolso, cont\u00e1ctenos geral@odemel.com<\/li>\n<\/ul>\n\n\n\n<p><strong>Transporte<\/strong><\/p>\n\n\n\n<ul class=\"wp-block-list\">\n<li>No devuelva el producto al fabricante. Debe enviarse a la siguiente direcci\u00f3n Rua do Bar\u00e3o, n\u00ba 1580, 3720-051 Oliveira de Azem\u00e9is, Portugal<\/li>\n\n\n\n<li>Usted ser\u00e1 responsable de pagar los costos de env\u00edo para devolver el art\u00edculo.<\/li>\n\n\n\n<li>\u00a1Los gastos de env\u00edo no est\u00e1n sujetos a reembolso! Si recibe un reembolso, el costo de la devoluci\u00f3n se deducir\u00e1 de su reembolso.<\/li>\n\n\n\n<li>Dependiendo de d\u00f3nde viva, el tiempo que le tome a su producto llegar a usted variar\u00e1.<\/li>\n\n\n\n<li>Tenga en cuenta que no podemos garantizar que recibiremos su art\u00edculo devuelto.<\/li>\n<\/ul>\n","protected":false},"excerpt":{"rendered":"<p>\u00a1Gracias por comprar en Odemel! Ofrecemos un reembolso y \/ o cambio dentro de los primeros 30 d\u00edas de su<\/p>\n","protected":false},"author":2,"featured_media":0,"parent":0,"menu_order":0,"comment_status":"closed","ping_status":"closed","template":"","meta":{"footnotes":""},"class_list":["post-233","page","type-page","status-publish","hentry"],"yoast_head":"<!-- This site is optimized with the Yoast SEO plugin v27.1.1 - https:\/\/yoast.com\/product\/yoast-seo-wordpress\/ -->\n<title>POLITICA DE REEMBOLSO - Odemel<\/title>\n<meta name=\"description\" content=\"POLITICA DE REEMBOLSO\" \/>\n<meta name=\"robots\" content=\"index, follow, max-snippet:-1, max-image-preview:large, max-video-preview:-1\" \/>\n<link rel=\"canonical\" href=\"https:\/\/odemel.com\/es\/refund-policy\/\" \/>\n<meta property=\"og:locale\" content=\"es_ES\" \/>\n<meta property=\"og:type\" content=\"article\" \/>\n<meta property=\"og:title\" content=\"POLITICA DE REEMBOLSO - Odemel\" \/>\n<meta property=\"og:description\" content=\"POLITICA DE REEMBOLSO\" \/>\n<meta property=\"og:url\" content=\"https:\/\/odemel.com\/es\/refund-policy\/\" \/>\n<meta property=\"og:site_name\" content=\"Odemel\" \/>\n<meta property=\"article:modified_time\" content=\"2023-07-11T16:24:26+00:00\" \/>\n<meta name=\"twitter:card\" content=\"summary_large_image\" \/>\n<meta name=\"twitter:label1\" content=\"Tiempo de lectura\" \/>\n\t<meta name=\"twitter:data1\" content=\"2 minutos\" \/>\n<script type=\"application\/ld+json\" class=\"yoast-schema-graph\">{\"@context\":\"https:\/\/schema.org\",\"@graph\":[{\"@type\":\"WebPage\",\"@id\":\"https:\/\/odemel.com\/es\/refund-policy\/\",\"url\":\"https:\/\/odemel.com\/es\/refund-policy\/\",\"name\":\"POLITICA DE REEMBOLSO - Odemel\",\"isPartOf\":{\"@id\":\"https:\/\/odemel.com\/#website\"},\"datePublished\":\"2023-07-10T13:49:18+00:00\",\"dateModified\":\"2023-07-11T16:24:26+00:00\",\"description\":\"POLITICA DE REEMBOLSO\",\"breadcrumb\":{\"@id\":\"https:\/\/odemel.com\/es\/refund-policy\/#breadcrumb\"},\"inLanguage\":\"es\",\"potentialAction\":[{\"@type\":\"ReadAction\",\"target\":[\"https:\/\/odemel.com\/es\/refund-policy\/\"]}]},{\"@type\":\"BreadcrumbList\",\"@id\":\"https:\/\/odemel.com\/es\/refund-policy\/#breadcrumb\",\"itemListElement\":[{\"@type\":\"ListItem\",\"position\":1,\"name\":\"In\u00edcio\",\"item\":\"https:\/\/odemel.com\/es\/\"},{\"@type\":\"ListItem\",\"position\":2,\"name\":\"POLITICA DE REEMBOLSO\"}]},{\"@type\":\"WebSite\",\"@id\":\"https:\/\/odemel.com\/#website\",\"url\":\"https:\/\/odemel.com\/\",\"name\":\"Odemel\",\"description\":\"Ode, em ess\u00eancia, \u00e9 louvar algo, descrevendo a sua natureza intelectual e emocional. Odemel surge da vontade de glorificar e eternizar momentos.\",\"publisher\":{\"@id\":\"https:\/\/odemel.com\/#organization\"},\"potentialAction\":[{\"@type\":\"SearchAction\",\"target\":{\"@type\":\"EntryPoint\",\"urlTemplate\":\"https:\/\/odemel.com\/?s={search_term_string}\"},\"query-input\":{\"@type\":\"PropertyValueSpecification\",\"valueRequired\":true,\"valueName\":\"search_term_string\"}}],\"inLanguage\":\"es\"},{\"@type\":\"Organization\",\"@id\":\"https:\/\/odemel.com\/#organization\",\"name\":\"Odemel\",\"url\":\"https:\/\/odemel.com\/\",\"logo\":{\"@type\":\"ImageObject\",\"inLanguage\":\"es\",\"@id\":\"https:\/\/odemel.com\/#\/schema\/logo\/image\/\",\"url\":\"https:\/\/odemel.assemble.website\/wp-content\/uploads\/2023\/07\/logo-odemel-curto-2.png\",\"contentUrl\":\"https:\/\/odemel.assemble.website\/wp-content\/uploads\/2023\/07\/logo-odemel-curto-2.png\",\"width\":150,\"height\":150,\"caption\":\"Odemel\"},\"image\":{\"@id\":\"https:\/\/odemel.com\/#\/schema\/logo\/image\/\"},\"sameAs\":[\"https:\/\/www.instagram.com\/hidromel.odemel\/\"]}]}<\/script>\n<!-- \/ Yoast SEO plugin. -->","yoast_head_json":{"title":"POLITICA DE REEMBOLSO - Odemel","description":"POLITICA DE REEMBOLSO","robots":{"index":"index","follow":"follow","max-snippet":"max-snippet:-1","max-image-preview":"max-image-preview:large","max-video-preview":"max-video-preview:-1"},"canonical":"https:\/\/odemel.com\/es\/refund-policy\/","og_locale":"es_ES","og_type":"article","og_title":"POLITICA DE REEMBOLSO - Odemel","og_description":"POLITICA DE REEMBOLSO","og_url":"https:\/\/odemel.com\/es\/refund-policy\/","og_site_name":"Odemel","article_modified_time":"2023-07-11T16:24:26+00:00","twitter_card":"summary_large_image","twitter_misc":{"Tiempo de lectura":"2 minutos"},"schema":{"@context":"https:\/\/schema.org","@graph":[{"@type":"WebPage","@id":"https:\/\/odemel.com\/es\/refund-policy\/","url":"https:\/\/odemel.com\/es\/refund-policy\/","name":"POLITICA DE REEMBOLSO - Odemel","isPartOf":{"@id":"https:\/\/odemel.com\/#website"},"datePublished":"2023-07-10T13:49:18+00:00","dateModified":"2023-07-11T16:24:26+00:00","description":"POLITICA DE REEMBOLSO","breadcrumb":{"@id":"https:\/\/odemel.com\/es\/refund-policy\/#breadcrumb"},"inLanguage":"es","potentialAction":[{"@type":"ReadAction","target":["https:\/\/odemel.com\/es\/refund-policy\/"]}]},{"@type":"BreadcrumbList","@id":"https:\/\/odemel.com\/es\/refund-policy\/#breadcrumb","itemListElement":[{"@type":"ListItem","position":1,"name":"In\u00edcio","item":"https:\/\/odemel.com\/es\/"},{"@type":"ListItem","position":2,"name":"POLITICA DE REEMBOLSO"}]},{"@type":"WebSite","@id":"https:\/\/odemel.com\/#website","url":"https:\/\/odemel.com\/","name":"Odemel","description":"Ode, em ess\u00eancia, \u00e9 louvar algo, descrevendo a sua natureza intelectual e emocional. Odemel surge da vontade de glorificar e eternizar momentos.","publisher":{"@id":"https:\/\/odemel.com\/#organization"},"potentialAction":[{"@type":"SearchAction","target":{"@type":"EntryPoint","urlTemplate":"https:\/\/odemel.com\/?s={search_term_string}"},"query-input":{"@type":"PropertyValueSpecification","valueRequired":true,"valueName":"search_term_string"}}],"inLanguage":"es"},{"@type":"Organization","@id":"https:\/\/odemel.com\/#organization","name":"Odemel","url":"https:\/\/odemel.com\/","logo":{"@type":"ImageObject","inLanguage":"es","@id":"https:\/\/odemel.com\/#\/schema\/logo\/image\/","url":"https:\/\/odemel.assemble.website\/wp-content\/uploads\/2023\/07\/logo-odemel-curto-2.png","contentUrl":"https:\/\/odemel.assemble.website\/wp-content\/uploads\/2023\/07\/logo-odemel-curto-2.png","width":150,"height":150,"caption":"Odemel"},"image":{"@id":"https:\/\/odemel.com\/#\/schema\/logo\/image\/"},"sameAs":["https:\/\/www.instagram.com\/hidromel.odemel\/"]}]}},"_links":{"self":[{"href":"https:\/\/odemel.com\/es\/wp-json\/wp\/v2\/pages\/233","targetHints":{"allow":["GET"]}}],"collection":[{"href":"https:\/\/odemel.com\/es\/wp-json\/wp\/v2\/pages"}],"about":[{"href":"https:\/\/odemel.com\/es\/wp-json\/wp\/v2\/types\/page"}],"author":[{"embeddable":true,"href":"https:\/\/odemel.com\/es\/wp-json\/wp\/v2\/users\/2"}],"replies":[{"embeddable":true,"href":"https:\/\/odemel.com\/es\/wp-json\/wp\/v2\/comments?post=233"}],"version-history":[{"count":3,"href":"https:\/\/odemel.com\/es\/wp-json\/wp\/v2\/pages\/233\/revisions"}],"predecessor-version":[{"id":238,"href":"https:\/\/odemel.com\/es\/wp-json\/wp\/v2\/pages\/233\/revisions\/238"}],"wp:attachment":[{"href":"https:\/\/odemel.com\/es\/wp-json\/wp\/v2\/media?parent=233"}],"curies":[{"name":"wp","href":"https:\/\/api.w.org\/{rel}","templated":true}]}}