{"id":240,"date":"2023-07-06T14:34:34","date_gmt":"2023-07-06T14:34:34","guid":{"rendered":"https:\/\/odemel.assemble.website\/index.php\/sobre-nos\/"},"modified":"2023-10-30T10:14:02","modified_gmt":"2023-10-30T10:14:02","slug":"sobre-nos","status":"publish","type":"page","link":"https:\/\/odemel.com\/es\/sobre-nos\/","title":{"rendered":"SOBRE NOSOTROS"},"content":{"rendered":"<section class=\"wpb-content-wrapper\"><p>[vc_row][vc_column][vc_column_text woodmart_inline=\u00bbno\u00bb text_larger=\u00bbno\u00bb]<\/p>\n<section class=\"small-section\">\n<div class=\"container relative\">\n<div class=\"row\">\n<div class=\"col-sm-12 section-text page-content\">\n<p>Hay varias formas de contar una historia, decidimos contar la nuestra a trav\u00e9s de la historia de nuestra gente. Todo empez\u00f3 con una donaci\u00f3n de las colmenas de mi bisabuelo a mi padre\u00a0<strong>Manuel Costa<\/strong>, quien invent\u00f3 una p\u00f3cima m\u00e1gica: su primera receta de hidromiel a base de su propia miel.<\/p>\n<p>El fundador de nuestra empresa, estaba lejos de imaginar que la combinaci\u00f3n de su experiencia profesional en el campo de la alimentaci\u00f3n con su pasi\u00f3n como apicultor, como por alquimia, dio lugar a una receta que se convertir\u00eda en receta de\u00a0familia por su calidad.<\/p>\n<p>La visi\u00f3n empresarial de su hijo\u00a0<strong>Andr\u00e9<\/strong>, ha impulsado la transformaci\u00f3n de una receta familiar en un negocio distinto e innovador.<\/p>\n<p><strong>Odemel<\/strong>\u00a0aparece como una marca de nuestro Hidromiel en el que Ode, en esencia, es alabar algo, describiendo su naturaleza intelectual y emocional. Surge del deseo de glorificar la miel y eternizar momentos.\u00a0<strong>Odemel<\/strong>\u00a0es una marca premium de hidromiel que se somete a una maduraci\u00f3n m\u00ednima de 12 a 18 meses.<\/p>\n<p>Si\u00e9ntete invitado a ser parte de nuestra comunidad.<\/p>\n<\/div>\n<\/div>\n<\/div>\n<\/section>\n<p>\u00a0[\/vc_column_text][\/vc_column][\/vc_row]<\/p>\n<\/section>","protected":false},"excerpt":{"rendered":"<p>[vc_row][vc_column][vc_column_text woodmart_inline=\u00bbno\u00bb text_larger=\u00bbno\u00bb] Hay varias formas de contar una historia, decidimos contar la nuestra a trav\u00e9s de la historia de<\/p>\n","protected":false},"author":2,"featured_media":0,"parent":0,"menu_order":0,"comment_status":"closed","ping_status":"closed","template":"","meta":{"footnotes":""},"class_list":["post-240","page","type-page","status-publish","hentry"],"yoast_head":"<!-- This site is optimized with the Yoast SEO plugin v27.4 - https:\/\/yoast.com\/product\/yoast-seo-wordpress\/ -->\n<title>SOBRE NOSOTROS - Odemel<\/title>\n<meta name=\"description\" content=\"SOBRE NOSOTROS\" \/>\n<meta name=\"robots\" content=\"index, follow, max-snippet:-1, max-image-preview:large, max-video-preview:-1\" \/>\n<link rel=\"canonical\" href=\"https:\/\/odemel.com\/es\/sobre-nos\/\" \/>\n<meta property=\"og:locale\" content=\"es_ES\" \/>\n<meta property=\"og:type\" content=\"article\" \/>\n<meta property=\"og:title\" content=\"SOBRE NOSOTROS - Odemel\" \/>\n<meta property=\"og:description\" content=\"SOBRE NOSOTROS\" \/>\n<meta property=\"og:url\" content=\"https:\/\/odemel.com\/es\/sobre-nos\/\" \/>\n<meta property=\"og:site_name\" content=\"Odemel\" \/>\n<meta property=\"article:modified_time\" content=\"2023-10-30T10:14:02+00:00\" \/>\n<meta name=\"twitter:card\" content=\"summary_large_image\" \/>\n<meta name=\"twitter:label1\" content=\"Tiempo de lectura\" \/>\n\t<meta name=\"twitter:data1\" content=\"2 minutos\" \/>\n<script type=\"application\/ld+json\" class=\"yoast-schema-graph\">{\"@context\":\"https:\\\/\\\/schema.org\",\"@graph\":[{\"@type\":\"WebPage\",\"@id\":\"https:\\\/\\\/odemel.com\\\/es\\\/sobre-nos\\\/\",\"url\":\"https:\\\/\\\/odemel.com\\\/es\\\/sobre-nos\\\/\",\"name\":\"SOBRE NOSOTROS - Odemel\",\"isPartOf\":{\"@id\":\"https:\\\/\\\/odemel.com\\\/#website\"},\"datePublished\":\"2023-07-06T14:34:34+00:00\",\"dateModified\":\"2023-10-30T10:14:02+00:00\",\"description\":\"SOBRE NOSOTROS\",\"breadcrumb\":{\"@id\":\"https:\\\/\\\/odemel.com\\\/es\\\/sobre-nos\\\/#breadcrumb\"},\"inLanguage\":\"es\",\"potentialAction\":[{\"@type\":\"ReadAction\",\"target\":[\"https:\\\/\\\/odemel.com\\\/es\\\/sobre-nos\\\/\"]}]},{\"@type\":\"BreadcrumbList\",\"@id\":\"https:\\\/\\\/odemel.com\\\/es\\\/sobre-nos\\\/#breadcrumb\",\"itemListElement\":[{\"@type\":\"ListItem\",\"position\":1,\"name\":\"In\u00edcio\",\"item\":\"https:\\\/\\\/odemel.com\\\/es\\\/\"},{\"@type\":\"ListItem\",\"position\":2,\"name\":\"SOBRE NOSOTROS\"}]},{\"@type\":\"WebSite\",\"@id\":\"https:\\\/\\\/odemel.com\\\/#website\",\"url\":\"https:\\\/\\\/odemel.com\\\/\",\"name\":\"Odemel\",\"description\":\"Ode, em ess\u00eancia, \u00e9 louvar algo, descrevendo a sua natureza intelectual e emocional. Odemel surge da vontade de glorificar e eternizar momentos.\",\"publisher\":{\"@id\":\"https:\\\/\\\/odemel.com\\\/#organization\"},\"potentialAction\":[{\"@type\":\"SearchAction\",\"target\":{\"@type\":\"EntryPoint\",\"urlTemplate\":\"https:\\\/\\\/odemel.com\\\/?s={search_term_string}\"},\"query-input\":{\"@type\":\"PropertyValueSpecification\",\"valueRequired\":true,\"valueName\":\"search_term_string\"}}],\"inLanguage\":\"es\"},{\"@type\":\"Organization\",\"@id\":\"https:\\\/\\\/odemel.com\\\/#organization\",\"name\":\"Odemel\",\"url\":\"https:\\\/\\\/odemel.com\\\/\",\"logo\":{\"@type\":\"ImageObject\",\"inLanguage\":\"es\",\"@id\":\"https:\\\/\\\/odemel.com\\\/#\\\/schema\\\/logo\\\/image\\\/\",\"url\":\"https:\\\/\\\/odemel.assemble.website\\\/wp-content\\\/uploads\\\/2023\\\/07\\\/logo-odemel-curto-2.png\",\"contentUrl\":\"https:\\\/\\\/odemel.assemble.website\\\/wp-content\\\/uploads\\\/2023\\\/07\\\/logo-odemel-curto-2.png\",\"width\":150,\"height\":150,\"caption\":\"Odemel\"},\"image\":{\"@id\":\"https:\\\/\\\/odemel.com\\\/#\\\/schema\\\/logo\\\/image\\\/\"},\"sameAs\":[\"https:\\\/\\\/www.instagram.com\\\/hidromel.odemel\\\/\"]}]}<\/script>\n<!-- \/ Yoast SEO plugin. -->","yoast_head_json":{"title":"SOBRE NOSOTROS - Odemel","description":"SOBRE NOSOTROS","robots":{"index":"index","follow":"follow","max-snippet":"max-snippet:-1","max-image-preview":"max-image-preview:large","max-video-preview":"max-video-preview:-1"},"canonical":"https:\/\/odemel.com\/es\/sobre-nos\/","og_locale":"es_ES","og_type":"article","og_title":"SOBRE NOSOTROS - Odemel","og_description":"SOBRE NOSOTROS","og_url":"https:\/\/odemel.com\/es\/sobre-nos\/","og_site_name":"Odemel","article_modified_time":"2023-10-30T10:14:02+00:00","twitter_card":"summary_large_image","twitter_misc":{"Tiempo de lectura":"2 minutos"},"schema":{"@context":"https:\/\/schema.org","@graph":[{"@type":"WebPage","@id":"https:\/\/odemel.com\/es\/sobre-nos\/","url":"https:\/\/odemel.com\/es\/sobre-nos\/","name":"SOBRE NOSOTROS - Odemel","isPartOf":{"@id":"https:\/\/odemel.com\/#website"},"datePublished":"2023-07-06T14:34:34+00:00","dateModified":"2023-10-30T10:14:02+00:00","description":"SOBRE NOSOTROS","breadcrumb":{"@id":"https:\/\/odemel.com\/es\/sobre-nos\/#breadcrumb"},"inLanguage":"es","potentialAction":[{"@type":"ReadAction","target":["https:\/\/odemel.com\/es\/sobre-nos\/"]}]},{"@type":"BreadcrumbList","@id":"https:\/\/odemel.com\/es\/sobre-nos\/#breadcrumb","itemListElement":[{"@type":"ListItem","position":1,"name":"In\u00edcio","item":"https:\/\/odemel.com\/es\/"},{"@type":"ListItem","position":2,"name":"SOBRE NOSOTROS"}]},{"@type":"WebSite","@id":"https:\/\/odemel.com\/#website","url":"https:\/\/odemel.com\/","name":"Odemel","description":"Ode, em ess\u00eancia, \u00e9 louvar algo, descrevendo a sua natureza intelectual e emocional. Odemel surge da vontade de glorificar e eternizar momentos.","publisher":{"@id":"https:\/\/odemel.com\/#organization"},"potentialAction":[{"@type":"SearchAction","target":{"@type":"EntryPoint","urlTemplate":"https:\/\/odemel.com\/?s={search_term_string}"},"query-input":{"@type":"PropertyValueSpecification","valueRequired":true,"valueName":"search_term_string"}}],"inLanguage":"es"},{"@type":"Organization","@id":"https:\/\/odemel.com\/#organization","name":"Odemel","url":"https:\/\/odemel.com\/","logo":{"@type":"ImageObject","inLanguage":"es","@id":"https:\/\/odemel.com\/#\/schema\/logo\/image\/","url":"https:\/\/odemel.assemble.website\/wp-content\/uploads\/2023\/07\/logo-odemel-curto-2.png","contentUrl":"https:\/\/odemel.assemble.website\/wp-content\/uploads\/2023\/07\/logo-odemel-curto-2.png","width":150,"height":150,"caption":"Odemel"},"image":{"@id":"https:\/\/odemel.com\/#\/schema\/logo\/image\/"},"sameAs":["https:\/\/www.instagram.com\/hidromel.odemel\/"]}]}},"_links":{"self":[{"href":"https:\/\/odemel.com\/es\/wp-json\/wp\/v2\/pages\/240","targetHints":{"allow":["GET"]}}],"collection":[{"href":"https:\/\/odemel.com\/es\/wp-json\/wp\/v2\/pages"}],"about":[{"href":"https:\/\/odemel.com\/es\/wp-json\/wp\/v2\/types\/page"}],"author":[{"embeddable":true,"href":"https:\/\/odemel.com\/es\/wp-json\/wp\/v2\/users\/2"}],"replies":[{"embeddable":true,"href":"https:\/\/odemel.com\/es\/wp-json\/wp\/v2\/comments?post=240"}],"version-history":[{"count":2,"href":"https:\/\/odemel.com\/es\/wp-json\/wp\/v2\/pages\/240\/revisions"}],"predecessor-version":[{"id":781,"href":"https:\/\/odemel.com\/es\/wp-json\/wp\/v2\/pages\/240\/revisions\/781"}],"wp:attachment":[{"href":"https:\/\/odemel.com\/es\/wp-json\/wp\/v2\/media?parent=240"}],"curies":[{"name":"wp","href":"https:\/\/api.w.org\/{rel}","templated":true}]}}