{"id":244,"date":"2023-07-10T13:43:37","date_gmt":"2023-07-10T13:43:37","guid":{"rendered":"https:\/\/odemel.assemble.website\/index.php\/terms-and-conditions\/"},"modified":"2023-07-11T16:54:06","modified_gmt":"2023-07-11T16:54:06","slug":"terms-and-conditions","status":"publish","type":"page","link":"https:\/\/odemel.com\/es\/terms-and-conditions\/","title":{"rendered":"T\u00c9RMINOS Y CONDICIONES"},"content":{"rendered":"\n<p>Bienvenidos a Odemel. Estos t\u00e9rminos y condiciones establecen las reglas y regulaciones para el uso del sitio web de Odemel.<\/p>\n\n\n\n<p><strong>Odemel es una marca registrada de Truques e Cortesias Lda, y est\u00e1 ubicada en: Rua do Bar\u00e3o, n\u00ba 1580, 3720-051 Oliveira de Azem\u00e9is, Portugal.<\/strong><\/p>\n\n\n\n<p>Al acceder a este sitio, asumimos que acepta estos t\u00e9rminos y condiciones en su totalidad. No contin\u00fae utilizando el sitio web de Odemel si no acepta todos los t\u00e9rminos y servicios mencionados en esta p\u00e1gina.<\/p>\n\n\n\n<p>La siguiente terminolog\u00eda se aplica a estos T\u00e9rminos y condiciones, Declaraci\u00f3n de privacidad y Exenci\u00f3n de responsabilidad, as\u00ed como a todos y cada uno de los Acuerdos:&nbsp;<strong>Cliente<\/strong>&nbsp;,&nbsp;<strong>Usted<\/strong>&nbsp;y&nbsp;<strong>Su se<\/strong>&nbsp;refieren a usted, la persona que accede a este sitio para aceptar los t\u00e9rminos y condiciones de la Compa\u00f1\u00eda.&nbsp;<strong>Odemel<\/strong>&nbsp;,&nbsp;<strong>Us<\/strong>&nbsp;y&nbsp;<strong>Nosso<\/strong>&nbsp;, se refieren a nuestra Compa\u00f1\u00eda.&nbsp;<strong>Entidad<\/strong>&nbsp;,&nbsp;<strong>Entidades<\/strong>&nbsp;o&nbsp;<strong>Nosotros<\/strong>&nbsp;, se refiere tanto al Cliente como a nosotros, o solo al cliente o a nosotros.<\/p>\n\n\n\n<p>Todos los t\u00e9rminos se refieren a la oferta, aceptaci\u00f3n y contraprestaci\u00f3n del pago necesario para llevar a cabo el proceso de atenci\u00f3n de nuestro Cliente de la forma m\u00e1s adecuada, ya sea a trav\u00e9s de reuniones formales de duraci\u00f3n fija, o por cualquier otro medio, con el prop\u00f3sito expreso de cumplir con el Cliente. necesidades con respecto a la prestaci\u00f3n de los servicios \/ productos de la Compa\u00f1\u00eda, de acuerdo y sujeto a la ley vigente de la Rua do Bar\u00e3o, n\u00ba 1580.<\/p>\n\n\n\n<p>Cualquier uso de la terminolog\u00eda anterior u otras palabras en singular, plural, may\u00fasculas \/ min\u00fasculas y \/ o \u00e9l \/ ella o ellos \/ ellas se toman como intercambiables y por lo tanto se refieren a lo mismo.<br><br><strong>Pedido<\/strong><\/p>\n\n\n\n<p>1. El Usuario completa su pedido completando el proceso de compra presentado en el sitio web&nbsp;<a href=\"https:\/\/odemel.com\/\">https:\/\/odemel.com<\/a>&nbsp;, agregando el producto (s) o servicio (s) que desea solicitar al carrito de compras:<\/p>\n\n\n\n<p>2. Para enviar su pedido, el Usuario debe:<br>a) Registrarse en el sitio web&nbsp;<a href=\"https:\/\/odemel.com\/\">https:\/\/odemel.com<\/a>&nbsp;, proporcionando la informaci\u00f3n solicitada en el mismo.<br>b) Realizar el \u00ablogin\u00bb (proporcionando una combinaci\u00f3n de correo electr\u00f3nico y contrase\u00f1a elegidos por el Usuario al registrarse).<br>c) Complete la informaci\u00f3n y elija las opciones que tiene a su disposici\u00f3n durante todo el proceso de finalizaci\u00f3n del pedido (direcci\u00f3n de entrega y facturaci\u00f3n, m\u00e9todo de env\u00edo, m\u00e9todo de pago, as\u00ed como el TIN y el nombre que desee, a efectos fiscales, que aparecen en la factura) .<br><br>3. La confirmaci\u00f3n final del pedido por parte del Usuario equivale a la aceptaci\u00f3n plena y completa de los precios y descripci\u00f3n de los productos disponibles para la venta, as\u00ed como las presentes Condiciones Generales de Venta, que ser\u00e1n las \u00fanicas aplicables al contrato as\u00ed concluido.<\/p>\n\n\n\n<p>4. Truques e Cortesias Lda atender\u00e1 los pedidos recibidos en l\u00ednea solo hasta el l\u00edmite de las existencias disponibles. En caso de falta de disponibilidad del producto, Truques e Cortesias Lda se compromete a informar al Usuario a la mayor brevedad.<\/p>\n\n\n\n<p>5. Los datos contenidos en la factura son responsabilidad del Usuario. Una vez emitida, la factura no se puede volver a emitir con cambios.<\/p>\n\n\n\n<p>6. Las solicitudes de pedido tienen una vigencia de 7 (siete) d\u00edas, salvo que el pedido se registre bajo una campa\u00f1a promocional que defina un per\u00edodo diferente, y no sea posible garantizar precios, descuentos, promociones y ofertas m\u00e1s all\u00e1 de este per\u00edodo. Si nuestros servicios no reciben el pago dentro del per\u00edodo antes mencionado, el pedido no puede ser validado. Cualquier valor recibido despu\u00e9s de esta fecha ser\u00e1 devuelto o utilizado en un nuevo pedido.<\/p>\n\n\n\n<p><strong>Pago<\/strong><\/p>\n\n\n\n<p>1. En el sitio web&nbsp;<a href=\"https:\/\/odemel.com\/\">https:\/\/odemel.com<\/a>&nbsp;, Truques e Cortesias Lda ofrece al Usuario las siguientes formas de pago:<br><br>a) Referencia Multibanco (v\u00eda Easypay &#8211; Institui\u00e7\u00e3o de Pagamento Lda);<br>b) Tarjeta de cr\u00e9dito Visa y Mastercard (v\u00eda Easypay &#8211; Institui\u00e7\u00e3o de Pagamento Lda);<br>c) PayPal;<br>d) Transferencia Bancaria.<br><\/p>\n\n\n\n<p>2. En el caso de pago con tarjeta de cr\u00e9dito, el d\u00e9bito se realizar\u00e1 en la tarjeta del Usuario inmediatamente despu\u00e9s de la confirmaci\u00f3n del env\u00edo de la mercanc\u00eda. Si algunos productos pedidos se agotan, su valor se acreditar\u00e1 en la tarjeta del Usuario, una vez cerrado el pedido.<\/p>\n\n\n\n<p><strong>Entrega<\/strong><\/p>\n\n\n\n<p>1. La entrega de los pedidos se realiza dentro de los 10 D\u00cdAS h\u00e1biles posteriores a la realizaci\u00f3n del pedido. La entrega la realiza la empresa DHL Parcel.<\/p>\n\n\n\n<p>2. Los gastos de env\u00edo se a\u00f1aden al pedido seg\u00fan el valor del pedido y el pa\u00eds:<br><br>a) Si la compra se realiza en Portugal y el valor del pedido es inferior a 50 \u20ac, se sumar\u00e1 el valor de 5 (cinco) euros al pedido por gastos de env\u00edo;<br>b) Si la compra se realiza en Portugal y el valor del pedido es igual o superior a 50 \u20ac, los gastos de env\u00edo son gratuitos;<br>c) Si la compra se realiza en Espa\u00f1a y el valor del pedido es inferior a 100 \u20ac, se deber\u00e1 sumar al pedido el valor de 15 (quince) euros por gastos de env\u00edo;<br>d) Si la compra se realiza en Espa\u00f1a y el valor del pedido es igual o superior a 100 \u20ac, los gastos de env\u00edo son gratuitos;<br>e) Si la compra se realiza en Alemania, Austria, B\u00e9lgica, Dinamarca, Finlandia, Francia, Grecia, Irlanda, Italia, Luxemburgo, Noruega, Pa\u00edses Bajos, Polonia, Reino Unido, Rep\u00fablica Checa, Suiza o Suecia, sume el valor al pedido. 30 (treinta) euros por gastos de env\u00edo;<br>f) Si la compra se realiza en otra ubicaci\u00f3n se a\u00f1adir\u00e1 al pedido el valor de 300 (trescientos) euros por gastos de env\u00edo, pero el valor podr\u00e1 ser revisado caso por caso.<br><br><strong>Precios<\/strong><\/p>\n\n\n\n<p>1. Los precios deben entenderse en Euros, con tasas e impuestos incluidos, teniendo en cuenta el IVA vigente en la fecha de pago del pedido.<\/p>\n\n\n\n<p>2. En caso de producirse un incremento en el precio de alg\u00fan producto, el Usuario ser\u00e1 informado de inmediato y podr\u00e1 optar por recibir su pedido (pagando la diferencia) o cancelarlo.<\/p>\n\n\n\n<p><strong>Galletas<\/strong><\/p>\n\n\n\n<p>Usamos cookies. Al utilizar el sitio web de Odemel, acepta el uso de cookies de acuerdo con la pol\u00edtica de privacidad de Odemel. La mayor\u00eda de los sitios web interactivos de hoy utilizan cookies que nos permiten recuperar los detalles del usuario para cada visita.<\/p>\n\n\n\n<p>Las cookies se utilizan en algunas \u00e1reas de nuestro sitio web para habilitar la funcionalidad de esta \u00e1rea y facilitar su uso a los visitantes. Algunos de nuestros afiliados \/ socios publicitarios tambi\u00e9n pueden utilizar cookies.<\/p>\n\n\n\n<p><strong>Licencia<\/strong><\/p>\n\n\n\n<p>A menos que se indique lo contrario, Odemel y \/ o sus licenciantes poseen los derechos de propiedad intelectual de todo el material de Odemel.<\/p>\n\n\n\n<p>Todos los derechos de propiedad intelectual est\u00e1n reservados. Puede ver y \/ o imprimir p\u00e1ginas de&nbsp;<a href=\"https:\/\/odemel.com\/\">https:\/\/odemel.com<\/a>&nbsp;para su uso personal, sujeto a las restricciones establecidas en estos t\u00e9rminos y condiciones.<\/p>\n\n\n\n<p>No debe:<\/p>\n\n\n\n<ul class=\"wp-block-list\">\n<li>Vuelva a publicar material de&nbsp;<a href=\"https:\/\/odemel.com\/\">https:\/\/odemel.com<\/a>&nbsp;.<\/li>\n\n\n\n<li>Vender, alquilar o sublicenciar material de&nbsp;<a href=\"https:\/\/odemel.com\/\">https:\/\/odemel.com<\/a>&nbsp;.<\/li>\n\n\n\n<li>Reproducir, duplicar o copiar material de&nbsp;<a href=\"https:\/\/odemel.com\/\">https:\/\/odemel.com<\/a>&nbsp;.<\/li>\n\n\n\n<li>Redistribuir el contenido de Odemel (a menos que el contenido se haya creado espec\u00edficamente para la redistribuci\u00f3n).<\/li>\n<\/ul>\n\n\n\n<p><strong>Advertencia<\/strong><\/p>\n\n\n\n<p>En la m\u00e1xima medida permitida por la ley aplicable, excluimos todas las representaciones, garant\u00edas y condiciones relacionadas con nuestro sitio web y el uso de este sitio web (incluyendo, sin limitaci\u00f3n, cualquier garant\u00eda impl\u00edcita por ley con respecto a la calidad satisfactoria, idoneidad para el prop\u00f3sito y \/ o uso de cuidado y habilidad razonable).<\/p>\n\n\n\n<p>Nada en este aviso:<\/p>\n\n\n\n<ul class=\"wp-block-list\">\n<li>Limite o excluya nuestra responsabilidad o la suya por muerte o lesiones personales que resulten de negligencia.<\/li>\n\n\n\n<li>Limite o excluya nuestra responsabilidad o la suya por fraude o tergiversaci\u00f3n fraudulenta.<\/li>\n\n\n\n<li>Limite cualquier responsabilidad nuestra o la suya de cualquier manera que no est\u00e9 permitida por la ley aplicable.<\/li>\n\n\n\n<li>O excluya cualquiera de nuestras responsabilidades, o las suyas, que no puedan excluirse seg\u00fan la ley aplicable.<\/li>\n<\/ul>\n\n\n\n<p>Las limitaciones y exenciones de responsabilidad establecidas en esta Secci\u00f3n y en otras partes de este aviso:<\/p>\n\n\n\n<ol class=\"wp-block-list\">\n<li>est\u00e1n sujetos al p\u00e1rrafo anterior; y<\/li>\n\n\n\n<li>rigen todas las responsabilidades en virtud de este aviso o en relaci\u00f3n con el tema de este aviso, incluidas las responsabilidades que surjan en el contrato, agravio (incluida la negligencia) y por cualquier incumplimiento de la obligaci\u00f3n legal.<\/li>\n<\/ol>\n\n\n\n<p>En la medida en que el sitio web, la informaci\u00f3n y los servicios del sitio web se proporcionen de forma gratuita, no seremos responsables de ninguna p\u00e9rdida o da\u00f1o de ning\u00fan tipo.<\/p>\n","protected":false},"excerpt":{"rendered":"<p>Bienvenidos a Odemel. Estos t\u00e9rminos y condiciones establecen las reglas y regulaciones para el uso del sitio web de Odemel.<\/p>\n","protected":false},"author":2,"featured_media":0,"parent":0,"menu_order":0,"comment_status":"closed","ping_status":"closed","template":"","meta":{"footnotes":""},"class_list":["post-244","page","type-page","status-publish","hentry"],"yoast_head":"<!-- This site is optimized with the Yoast SEO plugin v27.4 - https:\/\/yoast.com\/product\/yoast-seo-wordpress\/ -->\n<title>T\u00c9RMINOS Y CONDICIONES - Odemel<\/title>\n<meta name=\"description\" content=\"T\u00c9RMINOS Y CONDICIONES\" \/>\n<meta name=\"robots\" content=\"index, follow, max-snippet:-1, max-image-preview:large, max-video-preview:-1\" \/>\n<link rel=\"canonical\" href=\"https:\/\/odemel.com\/es\/terms-and-conditions\/\" \/>\n<meta property=\"og:locale\" content=\"es_ES\" \/>\n<meta property=\"og:type\" content=\"article\" \/>\n<meta property=\"og:title\" content=\"T\u00c9RMINOS Y CONDICIONES - Odemel\" \/>\n<meta property=\"og:description\" content=\"T\u00c9RMINOS Y CONDICIONES\" \/>\n<meta property=\"og:url\" content=\"https:\/\/odemel.com\/es\/terms-and-conditions\/\" \/>\n<meta property=\"og:site_name\" content=\"Odemel\" \/>\n<meta property=\"article:modified_time\" content=\"2023-07-11T16:54:06+00:00\" \/>\n<meta name=\"twitter:card\" content=\"summary_large_image\" \/>\n<meta name=\"twitter:label1\" content=\"Tiempo de lectura\" \/>\n\t<meta name=\"twitter:data1\" content=\"7 minutos\" \/>\n<script type=\"application\/ld+json\" class=\"yoast-schema-graph\">{\"@context\":\"https:\\\/\\\/schema.org\",\"@graph\":[{\"@type\":\"WebPage\",\"@id\":\"https:\\\/\\\/odemel.com\\\/es\\\/terms-and-conditions\\\/\",\"url\":\"https:\\\/\\\/odemel.com\\\/es\\\/terms-and-conditions\\\/\",\"name\":\"T\u00c9RMINOS Y CONDICIONES - Odemel\",\"isPartOf\":{\"@id\":\"https:\\\/\\\/odemel.com\\\/#website\"},\"datePublished\":\"2023-07-10T13:43:37+00:00\",\"dateModified\":\"2023-07-11T16:54:06+00:00\",\"description\":\"T\u00c9RMINOS Y CONDICIONES\",\"breadcrumb\":{\"@id\":\"https:\\\/\\\/odemel.com\\\/es\\\/terms-and-conditions\\\/#breadcrumb\"},\"inLanguage\":\"es\",\"potentialAction\":[{\"@type\":\"ReadAction\",\"target\":[\"https:\\\/\\\/odemel.com\\\/es\\\/terms-and-conditions\\\/\"]}]},{\"@type\":\"BreadcrumbList\",\"@id\":\"https:\\\/\\\/odemel.com\\\/es\\\/terms-and-conditions\\\/#breadcrumb\",\"itemListElement\":[{\"@type\":\"ListItem\",\"position\":1,\"name\":\"In\u00edcio\",\"item\":\"https:\\\/\\\/odemel.com\\\/es\\\/\"},{\"@type\":\"ListItem\",\"position\":2,\"name\":\"T\u00c9RMINOS Y CONDICIONES\"}]},{\"@type\":\"WebSite\",\"@id\":\"https:\\\/\\\/odemel.com\\\/#website\",\"url\":\"https:\\\/\\\/odemel.com\\\/\",\"name\":\"Odemel\",\"description\":\"Ode, em ess\u00eancia, \u00e9 louvar algo, descrevendo a sua natureza intelectual e emocional. Odemel surge da vontade de glorificar e eternizar momentos.\",\"publisher\":{\"@id\":\"https:\\\/\\\/odemel.com\\\/#organization\"},\"potentialAction\":[{\"@type\":\"SearchAction\",\"target\":{\"@type\":\"EntryPoint\",\"urlTemplate\":\"https:\\\/\\\/odemel.com\\\/?s={search_term_string}\"},\"query-input\":{\"@type\":\"PropertyValueSpecification\",\"valueRequired\":true,\"valueName\":\"search_term_string\"}}],\"inLanguage\":\"es\"},{\"@type\":\"Organization\",\"@id\":\"https:\\\/\\\/odemel.com\\\/#organization\",\"name\":\"Odemel\",\"url\":\"https:\\\/\\\/odemel.com\\\/\",\"logo\":{\"@type\":\"ImageObject\",\"inLanguage\":\"es\",\"@id\":\"https:\\\/\\\/odemel.com\\\/#\\\/schema\\\/logo\\\/image\\\/\",\"url\":\"https:\\\/\\\/odemel.assemble.website\\\/wp-content\\\/uploads\\\/2023\\\/07\\\/logo-odemel-curto-2.png\",\"contentUrl\":\"https:\\\/\\\/odemel.assemble.website\\\/wp-content\\\/uploads\\\/2023\\\/07\\\/logo-odemel-curto-2.png\",\"width\":150,\"height\":150,\"caption\":\"Odemel\"},\"image\":{\"@id\":\"https:\\\/\\\/odemel.com\\\/#\\\/schema\\\/logo\\\/image\\\/\"},\"sameAs\":[\"https:\\\/\\\/www.instagram.com\\\/hidromel.odemel\\\/\"]}]}<\/script>\n<!-- \/ Yoast SEO plugin. -->","yoast_head_json":{"title":"T\u00c9RMINOS Y CONDICIONES - Odemel","description":"T\u00c9RMINOS Y CONDICIONES","robots":{"index":"index","follow":"follow","max-snippet":"max-snippet:-1","max-image-preview":"max-image-preview:large","max-video-preview":"max-video-preview:-1"},"canonical":"https:\/\/odemel.com\/es\/terms-and-conditions\/","og_locale":"es_ES","og_type":"article","og_title":"T\u00c9RMINOS Y CONDICIONES - Odemel","og_description":"T\u00c9RMINOS Y CONDICIONES","og_url":"https:\/\/odemel.com\/es\/terms-and-conditions\/","og_site_name":"Odemel","article_modified_time":"2023-07-11T16:54:06+00:00","twitter_card":"summary_large_image","twitter_misc":{"Tiempo de lectura":"7 minutos"},"schema":{"@context":"https:\/\/schema.org","@graph":[{"@type":"WebPage","@id":"https:\/\/odemel.com\/es\/terms-and-conditions\/","url":"https:\/\/odemel.com\/es\/terms-and-conditions\/","name":"T\u00c9RMINOS Y CONDICIONES - Odemel","isPartOf":{"@id":"https:\/\/odemel.com\/#website"},"datePublished":"2023-07-10T13:43:37+00:00","dateModified":"2023-07-11T16:54:06+00:00","description":"T\u00c9RMINOS Y CONDICIONES","breadcrumb":{"@id":"https:\/\/odemel.com\/es\/terms-and-conditions\/#breadcrumb"},"inLanguage":"es","potentialAction":[{"@type":"ReadAction","target":["https:\/\/odemel.com\/es\/terms-and-conditions\/"]}]},{"@type":"BreadcrumbList","@id":"https:\/\/odemel.com\/es\/terms-and-conditions\/#breadcrumb","itemListElement":[{"@type":"ListItem","position":1,"name":"In\u00edcio","item":"https:\/\/odemel.com\/es\/"},{"@type":"ListItem","position":2,"name":"T\u00c9RMINOS Y CONDICIONES"}]},{"@type":"WebSite","@id":"https:\/\/odemel.com\/#website","url":"https:\/\/odemel.com\/","name":"Odemel","description":"Ode, em ess\u00eancia, \u00e9 louvar algo, descrevendo a sua natureza intelectual e emocional. Odemel surge da vontade de glorificar e eternizar momentos.","publisher":{"@id":"https:\/\/odemel.com\/#organization"},"potentialAction":[{"@type":"SearchAction","target":{"@type":"EntryPoint","urlTemplate":"https:\/\/odemel.com\/?s={search_term_string}"},"query-input":{"@type":"PropertyValueSpecification","valueRequired":true,"valueName":"search_term_string"}}],"inLanguage":"es"},{"@type":"Organization","@id":"https:\/\/odemel.com\/#organization","name":"Odemel","url":"https:\/\/odemel.com\/","logo":{"@type":"ImageObject","inLanguage":"es","@id":"https:\/\/odemel.com\/#\/schema\/logo\/image\/","url":"https:\/\/odemel.assemble.website\/wp-content\/uploads\/2023\/07\/logo-odemel-curto-2.png","contentUrl":"https:\/\/odemel.assemble.website\/wp-content\/uploads\/2023\/07\/logo-odemel-curto-2.png","width":150,"height":150,"caption":"Odemel"},"image":{"@id":"https:\/\/odemel.com\/#\/schema\/logo\/image\/"},"sameAs":["https:\/\/www.instagram.com\/hidromel.odemel\/"]}]}},"_links":{"self":[{"href":"https:\/\/odemel.com\/es\/wp-json\/wp\/v2\/pages\/244","targetHints":{"allow":["GET"]}}],"collection":[{"href":"https:\/\/odemel.com\/es\/wp-json\/wp\/v2\/pages"}],"about":[{"href":"https:\/\/odemel.com\/es\/wp-json\/wp\/v2\/types\/page"}],"author":[{"embeddable":true,"href":"https:\/\/odemel.com\/es\/wp-json\/wp\/v2\/users\/2"}],"replies":[{"embeddable":true,"href":"https:\/\/odemel.com\/es\/wp-json\/wp\/v2\/comments?post=244"}],"version-history":[{"count":1,"href":"https:\/\/odemel.com\/es\/wp-json\/wp\/v2\/pages\/244\/revisions"}],"predecessor-version":[{"id":245,"href":"https:\/\/odemel.com\/es\/wp-json\/wp\/v2\/pages\/244\/revisions\/245"}],"wp:attachment":[{"href":"https:\/\/odemel.com\/es\/wp-json\/wp\/v2\/media?parent=244"}],"curies":[{"name":"wp","href":"https:\/\/api.w.org\/{rel}","templated":true}]}}