{"id":264,"date":"2023-07-05T16:29:47","date_gmt":"2023-07-05T16:29:47","guid":{"rendered":"https:\/\/odemel.assemble.website\/index.php\/produto\/hidromel-chocolate-e-cafe\/"},"modified":"2024-12-21T00:05:55","modified_gmt":"2024-12-21T00:05:55","slug":"hidromel-chocolate-e-cafe","status":"publish","type":"product","link":"https:\/\/odemel.com\/es\/produto\/hidromel-chocolate-e-cafe\/","title":{"rendered":"Hidromiel Chocolate y Caf\u00e9"},"content":{"rendered":"","protected":false},"excerpt":{"rendered":"<div class=\"row mb-60 mb-xs-30\">\n<div class=\"col-sm-12 col-md-8 mb-xs-40\">\n<div class=\"section-text small mt-80\">\n<div class=\"tab-content tpl-tabs-cont section-text\">\n<div id=\"one\" class=\"tab-pane fade in active product-description\">\n<p><strong>Odemel<\/strong>\u00a0es una marca premium de hidromiel que se somete a una maduraci\u00f3n m\u00ednima de 12 a 18 meses. Elaborado a partir de la fermentaci\u00f3n natural de miel de calidad, agua mineral, frutas\u00a0y especias.<\/p>\n<p><strong>Odemel Chocolate y Caf\u00e9<\/strong>\u00a0es ideal para los amantes del dulce amargo, ya que combina el chocolate negro con el sabor ligeramente amargo del caf\u00e9.<\/p>\n<p>Capacidad: 500 ml<br \/>\n14% Vol<br \/>\nValor c\/ IVA incluido<\/p>\n<p><strong>Producci\u00f3n\u00a0Artesanal y en Portugal. Edici\u00f3n limitada. 100%\u00a0Natural. No contiene sulfitos ni alcohol a\u00f1adido.<\/strong><\/p>\n<\/div>\n<\/div>\n<\/div>\n<\/div>\n<\/div>\n<section class=\"small-section recent pb-0\">\n<div class=\"container relative\"><\/div>\n<\/section>\n","protected":false},"featured_media":183,"template":"","meta":[],"product_brand":[],"product_cat":[29],"product_tag":[],"class_list":{"0":"post-264","1":"product","2":"type-product","3":"status-publish","4":"has-post-thumbnail","6":"product_cat-odemel-es","8":"first","9":"instock","10":"taxable","11":"shipping-taxable","12":"purchasable","13":"product-type-simple"},"yoast_head":"<!-- This site is optimized with the Yoast SEO plugin v27.1.1 - https:\/\/yoast.com\/product\/yoast-seo-wordpress\/ -->\n<title>Hidromiel Chocolate y Caf\u00e9 - Odemel<\/title>\n<meta name=\"description\" content=\"Hidromiel Chocolate y Caf\u00e9\" \/>\n<meta name=\"robots\" content=\"index, follow, max-snippet:-1, max-image-preview:large, max-video-preview:-1\" \/>\n<link rel=\"canonical\" href=\"https:\/\/odemel.com\/es\/produto\/hidromel-chocolate-e-cafe\/\" \/>\n<meta property=\"og:locale\" content=\"es_ES\" \/>\n<meta property=\"og:type\" content=\"article\" \/>\n<meta property=\"og:title\" content=\"Hidromiel Chocolate y Caf\u00e9 - Odemel\" \/>\n<meta property=\"og:description\" content=\"Hidromiel Chocolate y Caf\u00e9\" \/>\n<meta property=\"og:url\" content=\"https:\/\/odemel.com\/es\/produto\/hidromel-chocolate-e-cafe\/\" \/>\n<meta property=\"og:site_name\" content=\"Odemel\" \/>\n<meta property=\"article:modified_time\" content=\"2024-12-21T00:05:55+00:00\" \/>\n<meta property=\"og:image\" content=\"https:\/\/odemel.com\/wp-content\/uploads\/2023\/07\/ODEMEL_FINAIS-19-min-scaled.jpeg\" \/>\n\t<meta property=\"og:image:width\" content=\"1706\" \/>\n\t<meta property=\"og:image:height\" content=\"2560\" \/>\n\t<meta property=\"og:image:type\" content=\"image\/jpeg\" \/>\n<meta name=\"twitter:card\" content=\"summary_large_image\" \/>\n<script type=\"application\/ld+json\" class=\"yoast-schema-graph\">{\"@context\":\"https:\/\/schema.org\",\"@graph\":[{\"@type\":\"WebPage\",\"@id\":\"https:\/\/odemel.com\/es\/produto\/hidromel-chocolate-e-cafe\/\",\"url\":\"https:\/\/odemel.com\/es\/produto\/hidromel-chocolate-e-cafe\/\",\"name\":\"Hidromiel Chocolate y Caf\u00e9 - Odemel\",\"isPartOf\":{\"@id\":\"https:\/\/odemel.com\/#website\"},\"primaryImageOfPage\":{\"@id\":\"https:\/\/odemel.com\/es\/produto\/hidromel-chocolate-e-cafe\/#primaryimage\"},\"image\":{\"@id\":\"https:\/\/odemel.com\/es\/produto\/hidromel-chocolate-e-cafe\/#primaryimage\"},\"thumbnailUrl\":\"https:\/\/odemel.com\/wp-content\/uploads\/2023\/07\/ODEMEL_FINAIS-19-min-scaled.jpeg\",\"datePublished\":\"2023-07-05T16:29:47+00:00\",\"dateModified\":\"2024-12-21T00:05:55+00:00\",\"description\":\"Hidromiel Chocolate y Caf\u00e9\",\"breadcrumb\":{\"@id\":\"https:\/\/odemel.com\/es\/produto\/hidromel-chocolate-e-cafe\/#breadcrumb\"},\"inLanguage\":\"es\",\"potentialAction\":[{\"@type\":\"ReadAction\",\"target\":[\"https:\/\/odemel.com\/es\/produto\/hidromel-chocolate-e-cafe\/\"]}]},{\"@type\":\"ImageObject\",\"inLanguage\":\"es\",\"@id\":\"https:\/\/odemel.com\/es\/produto\/hidromel-chocolate-e-cafe\/#primaryimage\",\"url\":\"https:\/\/odemel.com\/wp-content\/uploads\/2023\/07\/ODEMEL_FINAIS-19-min-scaled.jpeg\",\"contentUrl\":\"https:\/\/odemel.com\/wp-content\/uploads\/2023\/07\/ODEMEL_FINAIS-19-min-scaled.jpeg\",\"width\":1706,\"height\":2560},{\"@type\":\"BreadcrumbList\",\"@id\":\"https:\/\/odemel.com\/es\/produto\/hidromel-chocolate-e-cafe\/#breadcrumb\",\"itemListElement\":[{\"@type\":\"ListItem\",\"position\":1,\"name\":\"In\u00edcio\",\"item\":\"https:\/\/odemel.com\/es\/\"},{\"@type\":\"ListItem\",\"position\":2,\"name\":\"Tienda\",\"item\":\"https:\/\/odemel.com\/es\/tienda\/\"},{\"@type\":\"ListItem\",\"position\":3,\"name\":\"Hidromiel Chocolate y Caf\u00e9\"}]},{\"@type\":\"WebSite\",\"@id\":\"https:\/\/odemel.com\/#website\",\"url\":\"https:\/\/odemel.com\/\",\"name\":\"Odemel\",\"description\":\"Ode, em ess\u00eancia, \u00e9 louvar algo, descrevendo a sua natureza intelectual e emocional. Odemel surge da vontade de glorificar e eternizar momentos.\",\"publisher\":{\"@id\":\"https:\/\/odemel.com\/#organization\"},\"potentialAction\":[{\"@type\":\"SearchAction\",\"target\":{\"@type\":\"EntryPoint\",\"urlTemplate\":\"https:\/\/odemel.com\/?s={search_term_string}\"},\"query-input\":{\"@type\":\"PropertyValueSpecification\",\"valueRequired\":true,\"valueName\":\"search_term_string\"}}],\"inLanguage\":\"es\"},{\"@type\":\"Organization\",\"@id\":\"https:\/\/odemel.com\/#organization\",\"name\":\"Odemel\",\"url\":\"https:\/\/odemel.com\/\",\"logo\":{\"@type\":\"ImageObject\",\"inLanguage\":\"es\",\"@id\":\"https:\/\/odemel.com\/#\/schema\/logo\/image\/\",\"url\":\"https:\/\/odemel.assemble.website\/wp-content\/uploads\/2023\/07\/logo-odemel-curto-2.png\",\"contentUrl\":\"https:\/\/odemel.assemble.website\/wp-content\/uploads\/2023\/07\/logo-odemel-curto-2.png\",\"width\":150,\"height\":150,\"caption\":\"Odemel\"},\"image\":{\"@id\":\"https:\/\/odemel.com\/#\/schema\/logo\/image\/\"},\"sameAs\":[\"https:\/\/www.instagram.com\/hidromel.odemel\/\"]}]}<\/script>\n<!-- \/ Yoast SEO plugin. -->","yoast_head_json":{"title":"Hidromiel Chocolate y Caf\u00e9 - Odemel","description":"Hidromiel Chocolate y Caf\u00e9","robots":{"index":"index","follow":"follow","max-snippet":"max-snippet:-1","max-image-preview":"max-image-preview:large","max-video-preview":"max-video-preview:-1"},"canonical":"https:\/\/odemel.com\/es\/produto\/hidromel-chocolate-e-cafe\/","og_locale":"es_ES","og_type":"article","og_title":"Hidromiel Chocolate y Caf\u00e9 - Odemel","og_description":"Hidromiel Chocolate y Caf\u00e9","og_url":"https:\/\/odemel.com\/es\/produto\/hidromel-chocolate-e-cafe\/","og_site_name":"Odemel","article_modified_time":"2024-12-21T00:05:55+00:00","og_image":[{"width":1706,"height":2560,"url":"https:\/\/odemel.com\/wp-content\/uploads\/2023\/07\/ODEMEL_FINAIS-19-min-scaled.jpeg","type":"image\/jpeg"}],"twitter_card":"summary_large_image","schema":{"@context":"https:\/\/schema.org","@graph":[{"@type":"WebPage","@id":"https:\/\/odemel.com\/es\/produto\/hidromel-chocolate-e-cafe\/","url":"https:\/\/odemel.com\/es\/produto\/hidromel-chocolate-e-cafe\/","name":"Hidromiel Chocolate y Caf\u00e9 - Odemel","isPartOf":{"@id":"https:\/\/odemel.com\/#website"},"primaryImageOfPage":{"@id":"https:\/\/odemel.com\/es\/produto\/hidromel-chocolate-e-cafe\/#primaryimage"},"image":{"@id":"https:\/\/odemel.com\/es\/produto\/hidromel-chocolate-e-cafe\/#primaryimage"},"thumbnailUrl":"https:\/\/odemel.com\/wp-content\/uploads\/2023\/07\/ODEMEL_FINAIS-19-min-scaled.jpeg","datePublished":"2023-07-05T16:29:47+00:00","dateModified":"2024-12-21T00:05:55+00:00","description":"Hidromiel Chocolate y Caf\u00e9","breadcrumb":{"@id":"https:\/\/odemel.com\/es\/produto\/hidromel-chocolate-e-cafe\/#breadcrumb"},"inLanguage":"es","potentialAction":[{"@type":"ReadAction","target":["https:\/\/odemel.com\/es\/produto\/hidromel-chocolate-e-cafe\/"]}]},{"@type":"ImageObject","inLanguage":"es","@id":"https:\/\/odemel.com\/es\/produto\/hidromel-chocolate-e-cafe\/#primaryimage","url":"https:\/\/odemel.com\/wp-content\/uploads\/2023\/07\/ODEMEL_FINAIS-19-min-scaled.jpeg","contentUrl":"https:\/\/odemel.com\/wp-content\/uploads\/2023\/07\/ODEMEL_FINAIS-19-min-scaled.jpeg","width":1706,"height":2560},{"@type":"BreadcrumbList","@id":"https:\/\/odemel.com\/es\/produto\/hidromel-chocolate-e-cafe\/#breadcrumb","itemListElement":[{"@type":"ListItem","position":1,"name":"In\u00edcio","item":"https:\/\/odemel.com\/es\/"},{"@type":"ListItem","position":2,"name":"Tienda","item":"https:\/\/odemel.com\/es\/tienda\/"},{"@type":"ListItem","position":3,"name":"Hidromiel Chocolate y Caf\u00e9"}]},{"@type":"WebSite","@id":"https:\/\/odemel.com\/#website","url":"https:\/\/odemel.com\/","name":"Odemel","description":"Ode, em ess\u00eancia, \u00e9 louvar algo, descrevendo a sua natureza intelectual e emocional. Odemel surge da vontade de glorificar e eternizar momentos.","publisher":{"@id":"https:\/\/odemel.com\/#organization"},"potentialAction":[{"@type":"SearchAction","target":{"@type":"EntryPoint","urlTemplate":"https:\/\/odemel.com\/?s={search_term_string}"},"query-input":{"@type":"PropertyValueSpecification","valueRequired":true,"valueName":"search_term_string"}}],"inLanguage":"es"},{"@type":"Organization","@id":"https:\/\/odemel.com\/#organization","name":"Odemel","url":"https:\/\/odemel.com\/","logo":{"@type":"ImageObject","inLanguage":"es","@id":"https:\/\/odemel.com\/#\/schema\/logo\/image\/","url":"https:\/\/odemel.assemble.website\/wp-content\/uploads\/2023\/07\/logo-odemel-curto-2.png","contentUrl":"https:\/\/odemel.assemble.website\/wp-content\/uploads\/2023\/07\/logo-odemel-curto-2.png","width":150,"height":150,"caption":"Odemel"},"image":{"@id":"https:\/\/odemel.com\/#\/schema\/logo\/image\/"},"sameAs":["https:\/\/www.instagram.com\/hidromel.odemel\/"]}]}},"_links":{"self":[{"href":"https:\/\/odemel.com\/es\/wp-json\/wp\/v2\/product\/264","targetHints":{"allow":["GET"]}}],"collection":[{"href":"https:\/\/odemel.com\/es\/wp-json\/wp\/v2\/product"}],"about":[{"href":"https:\/\/odemel.com\/es\/wp-json\/wp\/v2\/types\/product"}],"wp:featuredmedia":[{"embeddable":true,"href":"https:\/\/odemel.com\/es\/wp-json\/wp\/v2\/media\/183"}],"wp:attachment":[{"href":"https:\/\/odemel.com\/es\/wp-json\/wp\/v2\/media?parent=264"}],"wp:term":[{"taxonomy":"product_brand","embeddable":true,"href":"https:\/\/odemel.com\/es\/wp-json\/wp\/v2\/product_brand?post=264"},{"taxonomy":"product_cat","embeddable":true,"href":"https:\/\/odemel.com\/es\/wp-json\/wp\/v2\/product_cat?post=264"},{"taxonomy":"product_tag","embeddable":true,"href":"https:\/\/odemel.com\/es\/wp-json\/wp\/v2\/product_tag?post=264"}],"curies":[{"name":"wp","href":"https:\/\/api.w.org\/{rel}","templated":true}]}}